{"id":4016,"date":"2021-01-23T19:42:56","date_gmt":"2021-01-23T16:42:56","guid":{"rendered":"http:\/\/morrierecords.com\/?post_type=product&#038;p=4016"},"modified":"2021-01-24T17:20:23","modified_gmt":"2021-01-24T14:20:23","slug":"orkhanmirzesoy-01","status":"publish","type":"product","link":"https:\/\/morrierecords.com\/tr\/shop\/orkhanmirzesoy-01\/","title":{"rendered":"#orkhanmirzesoy 01"},"content":{"rendered":"<p>Neden 30 derece?<\/p>\n<p>Y\u0131kama al\u0131\u015fkanl\u0131klar\u0131n\u0131zdaki birka\u00e7 k\u00fc\u00e7\u00fck de\u011fi\u015fikli\u011fin, \u00f6zellikle daha d\u00fc\u015f\u00fck s\u0131cakl\u0131klar\u0131 kullanman\u0131n baz\u0131 b\u00fcy\u00fck faydalar sa\u011flayabilece\u011fini biliyor muydunuz? M\u00fcmk\u00fcn olan en d\u00fc\u015f\u00fck s\u0131cakl\u0131kta y\u0131kama, CO2 emisyonlar\u0131n\u0131 azaltman\u0131za, enerji tasarrufu yapman\u0131za ve \u00e7evreye yard\u0131mc\u0131 olman\u0131za yard\u0131mc\u0131 olur. Ve \u015funu anla, k\u0131yafetlerin ger\u00e7ekten iyi g\u00f6r\u00fcnecek ve daha uzun s\u00fcre dayanacak.<\/p>\n<p>30\u00b0 gibi d\u00fc\u015f\u00fck s\u0131cakl\u0131klarda y\u0131kamak harika sonu\u00e7lar verir. Neden? \u00c7ama\u015f\u0131r makinelerinde ve \u00e7ama\u015f\u0131r deterjanlar\u0131nda ya\u015fanan geli\u015fmeler sayesinde art\u0131k \u00e7ama\u015f\u0131rlar\u0131 daha d\u00fc\u015f\u00fck s\u0131cakl\u0131klarda temizlemek m\u00fcmk\u00fcn. G\u00fcn\u00fcm\u00fcz\u00fcn \u00fcr\u00fcnleri, d\u00fc\u015f\u00fck s\u0131cakl\u0131klarda y\u00fcksek performans sonu\u00e7lar\u0131 elde etmek i\u00e7in \u00fcretildi\u011finden, bu, y\u0131kaman\u0131z\u0131n s\u0131cakl\u0131\u011f\u0131n\u0131 d\u00fc\u015f\u00fcrebilece\u011finiz ve istedi\u011finiz kadar temiz ve taze giysiler alabilece\u011finiz anlam\u0131na gelir.<\/p>\n<p>Giysilerinizi daha d\u00fc\u015f\u00fck s\u0131cakl\u0131klarda y\u0131kamak, kuma\u015fa daha iyi bakman\u0131z\u0131 sa\u011flar. Buna bay\u0131lacaks\u0131n\u0131z \u2013 k\u0131yafetleriniz asl\u0131nda daha uzun s\u00fcre iyi g\u00f6r\u00fcnecek. Giysiler sadece d\u00fc\u015f\u00fck s\u0131cakl\u0131klarda y\u0131kand\u0131klar\u0131nda renklerini daha uzun s\u00fcre korumakla kalmaz, ayn\u0131 zamanda tekstilde daha az a\u015f\u0131nma olur.<\/p>\n<p>\u00d6nemli olan topluca yapt\u0131\u011f\u0131m\u0131z \u015feydir. Avrupa'daki herkes m\u00fcmk\u00fcn oldu\u011funda y\u0131kama s\u0131cakl\u0131\u011f\u0131n\u0131 d\u00fc\u015f\u00fcrmeye \u00e7al\u0131\u015fsayd\u0131, bu ger\u00e7ekten b\u00fcy\u00fck bir fark yaratabilirdi. Asl\u0131nda, Avrupa'daki insanlar\u0131n ortalama y\u0131kama s\u0131cakl\u0131\u011f\u0131nda sadece 3\u00b0'lik bir azalman\u0131n sa\u011flad\u0131\u011f\u0131 enerji tasarrufu, 127.000'den fazla otomobilin \u00fcretti\u011fi emisyonlara e\u015fde\u011ferdir. Ve bu tasarruflar\u0131 kendi \u00fclkenizde yerel d\u00fczeyde g\u00f6rebilirsiniz. Bu olduk\u00e7a iyi bir etki! Ne kadar \u00e7ok k\u00fc\u00e7\u00fck ki\u015fisel eylemin b\u00fcy\u00fck bir fark yaratabilece\u011fini g\u00f6rd\u00fcn m\u00fc? Peki, bireysel \u00e7abalar\u0131n\u0131z \u00e7evreye nas\u0131l yard\u0131mc\u0131 olabilir? M\u00fcmk\u00fcn oldu\u011funda makinenizin y\u0131kama s\u0131cakl\u0131\u011f\u0131n\u0131 d\u00fc\u015f\u00fcrmeniz yeterlidir; enerji tasarrufu yaparak \u00e7evre i\u00e7in \u00fczerinize d\u00fc\u015feni yapm\u0131\u015f olursunuz. Ve daha da fazla fayda var! D\u00fc\u015f\u00fck s\u0131cakl\u0131klarda y\u0131kamak daha yumu\u015fak bir i\u015flemdir ve bu nedenle giysileriniz daha uzun s\u00fcre dayan\u0131r.<\/p>\n<p>#iperefer30<\/p>","protected":false},"excerpt":{"rendered":"<p>Okrhan Mirzesoy \u2013 Sweat<br \/>\nOrkhan Mirzesoy Series with Spotify Code.<br \/>\nKatlanm\u0131\u015f kollu.<br \/>\n100% koton.<br \/>\n30\/1 penye pamuklu kuma\u015f.<br \/>\nUzun s\u00fcreli kullan\u0131m i\u00e7in 30 derecede tersten y\u0131kanmas\u0131 tavsiye edilir.<\/p>\n<p>&nbsp;<\/p>","protected":false},"featured_media":4036,"template":"","meta":[],"product_cat":[15],"product_tag":[112,113],"_links":{"self":[{"href":"https:\/\/morrierecords.com\/tr\/wp-json\/wp\/v2\/product\/4016"}],"collection":[{"href":"https:\/\/morrierecords.com\/tr\/wp-json\/wp\/v2\/product"}],"about":[{"href":"https:\/\/morrierecords.com\/tr\/wp-json\/wp\/v2\/types\/product"}],"version-history":[{"count":5,"href":"https:\/\/morrierecords.com\/tr\/wp-json\/wp\/v2\/product\/4016\/revisions"}],"predecessor-version":[{"id":4042,"href":"https:\/\/morrierecords.com\/tr\/wp-json\/wp\/v2\/product\/4016\/revisions\/4042"}],"wp:featuredmedia":[{"embeddable":true,"href":"https:\/\/morrierecords.com\/tr\/wp-json\/wp\/v2\/media\/4036"}],"wp:attachment":[{"href":"https:\/\/morrierecords.com\/tr\/wp-json\/wp\/v2\/media?parent=4016"}],"wp:term":[{"taxonomy":"product_cat","embeddable":true,"href":"https:\/\/morrierecords.com\/tr\/wp-json\/wp\/v2\/product_cat?post=4016"},{"taxonomy":"product_tag","embeddable":true,"href":"https:\/\/morrierecords.com\/tr\/wp-json\/wp\/v2\/product_tag?post=4016"}],"curies":[{"name":"wp","href":"https:\/\/api.w.org\/{rel}","templated":true}]}}