{"id":87,"date":"2019-02-20T14:35:15","date_gmt":"2019-02-20T14:35:15","guid":{"rendered":"http:\/\/morrierecords.com\/?page_id=87"},"modified":"2020-12-14T19:24:10","modified_gmt":"2020-12-14T16:24:10","slug":"artist","status":"publish","type":"page","link":"https:\/\/morrierecords.com\/tr\/artist\/","title":{"rendered":"Sanat\u00e7\u0131lar\u0131m\u0131z"},"content":{"rendered":"<div data-elementor-type=\"wp-post\" data-elementor-id=\"87\" class=\"elementor elementor-87\">\n\t\t\t\t\t\t\t\t\t<section class=\"elementor-section elementor-top-section elementor-element elementor-element-f4d2512 elementor-section-boxed elementor-section-height-default elementor-section-height-default\" data-id=\"f4d2512\" data-element_type=\"section\">\n\t\t\t\t\t\t<div class=\"elementor-container elementor-column-gap-extended\">\n\t\t\t\t\t<div class=\"elementor-column elementor-col-100 elementor-top-column elementor-element elementor-element-810fe4d sc_inner_width_none sc_content_align_inherit sc_layouts_column_icons_position_left\" data-id=\"810fe4d\" data-element_type=\"column\">\n\t\t\t<div class=\"elementor-widget-wrap elementor-element-populated\">\n\t\t\t\t\t\t\t\t<div class=\"elementor-element elementor-element-2fe2b10 sc_fly_static elementor-widget elementor-widget-spacer\" data-id=\"2fe2b10\" data-element_type=\"widget\" data-widget_type=\"spacer.default\">\n\t\t\t\t<div class=\"elementor-widget-container\">\n\t\t\t\t\t<div class=\"elementor-spacer\">\n\t\t\t<div class=\"elementor-spacer-inner\"><\/div>\n\t\t<\/div>\n\t\t\t\t<\/div>\n\t\t\t\t<\/div>\n\t\t\t\t<div class=\"elementor-element elementor-element-9cc61bf sc_fly_static elementor-widget elementor-widget-trx_sc_team\" data-id=\"9cc61bf\" data-element_type=\"widget\" data-widget_type=\"trx_sc_team.default\">\n\t\t\t\t<div class=\"elementor-widget-container\">\n\t\t\t<div  id=\"trx_sc_team_620584876\"\t\tclass=\"sc_team sc_team_default\"><div class=\"sc_team_content sc_item_content sc_item_posts_container\"><div data-post-id=\"509\" class=\"sc_team_item no_links post-509 cpt_team type-cpt_team status-publish has-post-thumbnail hentry\">\r\n\t<div class=\"post_featured with_thumb hover_icon sc_team_item_thumb\"><img width=\"1200\" height=\"1036\" src=\"https:\/\/morrierecords.com\/wp-content\/uploads\/2019\/02\/DSC4772-1200x1036.jpg\" class=\"attachment-rareradio-thumb-team size-rareradio-thumb-team wp-post-image\" alt=\"\" loading=\"lazy\" \/>\t\t\t\t\t\t<div class=\"mask\"><\/div>\r\n\t\t\t\t\t\t\t\t\t<div class=\"icons\"><a href=\"https:\/\/morrierecords.com\/tr\/team\/softanalog\/\"  aria-hidden=\"true\" class=\"icon-add-plus-button\"><\/a><\/div>\r\n\t\t\t<\/div>\t<div class=\"sc_team_item_info\">\r\n\t\t<div class=\"sc_team_item_header\">\r\n\t\t\t<h2 class=\"sc_team_item_title entry-title\"><a href=\"https:\/\/morrierecords.com\/tr\/team\/softanalog\/\">Soft Analog<\/a><\/h2>\r\n\t\t<\/div>\r\n\t\t<div class=\"sc_team_item_content\"><p>Soft Analog 2019 y\u0131l\u0131nda Ankara\u2019da kurulan bir m\u00fczik grubu... Bas\u0327larda \u2018The Morning Tape\u2019 ismiyle I\u0307ngilizce m\u00fczik yapma hayali olan gruba zamanla yeni \u00fcyelerin kat\u0131lmas\u0131yla Soft Analog ad\u0131n\u0131 ald\u0131. Soft Analog, \u015fu an ayn\u0131 zamanda grubun kurucusu olan iki \u00fcyesi olan \u00d6mer ve \u0130dil ile m\u00fczik \u00e7al\u0131\u015fmalar\u0131na devam ediyor. \u00d6mer ve \u0130dil m\u00fczik hayatlar\u0131na \u00e7ocuk ya\u015flarda gitar ve piyano \u00e7alarak ba\u015flad\u0131. Ayn\u0131 zamanda lise arkada\u015f\u0131 olan ikili, okul gruplar\u0131nda bulunarak \u00e7es\u0327itli etkinliklerde sahne tecr\u00fcbesi yas\u0327ad\u0131. Erken ya\u015flarda edindikleri bu tecr\u00fcbe Soft Analog\u2019un olu\u015fmas\u0131na b\u00fcy\u00fck katk\u0131 sa\u011flad\u0131. \nGrubun esin kayna\u011f\u0131, 80\u2019- 90\u2019 d\u00f6nemlerindeki sound, giyim, tarz ve yaklas\u0327\u0131m\u2026 \u00d6zellikle d\u00f6nemin synthesizer kullan\u0131m\u0131, drum machine, disco funk bass ve davul desenleri, eskinin haval\u0131 modas\u0131 (vintage) k\u0131yafetler, g\u00f6zl\u00fckler ve renk paletinden etkileniyor ve bunlar\u0131n modern d\u00fcnyayla birles\u0327mis\u0327 halinden yeni bir \u00fcretim olu\u015fturmaya \u00e7abal\u0131yor. Yapt\u0131klar\u0131 bestelerde bu nostaljik atmosfer \u00f6zellikle d\u00f6nemi bilenler ve ilgilenenler taraf\u0131ndan hemen hissediliyor. \nGrubun ismi, grubun yapt\u0131g\u0306\u0131 m\u00fczi\u011fi yans\u0131t\u0131yor. Analog kelimesi grubun soundunun bir par\u00e7as\u0131 olan ve kullanmay\u0131 sevdikleri eski synthler ve ayn\u0131 zamanda plak, kaset gibi analog cihazlardan geliyor. Soft kelimesi iste grubun soundunun yumus\u0327ak, chill havas\u0131n\u0131 ifade ediyor. \nGrup s\u0327ark\u0131lar\u0131n\u0131 ve yaratt\u0131klar\u0131 d\u00fcnyay\u0131 dinleyicileri ile paylas\u0327\u0131rken konsept i\u015fler \u00fcretmeye dikkat ediyor. Soft Analog \u015fark\u0131 s\u00f6zlerinde s\u0327ehir hayat\u0131na bireysel bir perspektiften bakarken ayn\u0131 zamanda toplumsal bir eles\u0327tiri de yapmaya \u00e7al\u0131\u015f\u0131yor. \u015eark\u0131 s\u00f6zlerini yazarken modern d\u00fcnyay\u0131 ve bu d\u00fczenin i\u00e7indeki insan\u0131 anlatmay\u0131, modern hayat\u0131n yaratt\u0131\u011f\u0131 duygulardan, fark\u0131ndal\u0131klardan bahsetmeyi \u00f6nceliyor. S\u0327ark\u0131lar dinamik ve enerjik bir sound\u2019un i\u00e7erisinde daha melankolik ve eles\u0327tirel s\u00f6zlere sahip. Grup bu z\u0131tl\u0131g\u0306\u0131 yaratmay\u0131 ve hissettirmeyi seviyor.<br \/>\nSoft Analog continues its rodeo with \u00d6mer and \u0130dil, who are the founders of the group. \u00d6mer and \u0130dil started their musical life by playing guitar and piano when they were children. The duo, who were high school friends, had stage experience in various activities by being in school groups. The experience they gained at an early age made a great contribution to the foundation of Soft Analog.<br \/>\nThe inspiration of the band comes from the &#8217;80s and \u201890s sound, clothing, and style. Soft Analog is especially influenced by the synthesizers of that time, drum machine, disco-funk bass and drum patterns, the old fashion (vintage) clothes, glasses, and color palette. They try to create a new production by combining these with the modern world. This nostalgic atmosphere in their compositions is immediately felt by those who know and are interested in the period.<\/p>\n<\/div><div class=\"sc_team_item_socials socials_wrap\"><a target=\"_blank\" href=\"http:\/\/www.softanalog.com\" class=\"social_item social_item_style_icons sc_icon_type_icons social_item_type_icons\"><span class=\"social_icon social_icon_globe\"><span class=\"icon-globe\"><\/span><\/span><\/a><a target=\"_blank\" href=\"https:\/\/open.spotify.com\/artist\/0FWmCLXYps2U14dmCsiK82?si=2n-FB4nISQ6BIWUoeRCp4A\" class=\"social_item social_item_style_icons sc_icon_type_icons social_item_type_icons\"><span class=\"social_icon social_icon_spotify\"><span class=\"icon-spotify\"><\/span><\/span><\/a><a target=\"_blank\" href=\"https:\/\/www.instagram.com\/softanalog\/\" class=\"social_item social_item_style_icons sc_icon_type_icons social_item_type_icons\"><span class=\"social_icon social_icon_instagramm\"><span class=\"icon-instagramm\"><\/span><\/span><\/a><\/div><div class=\"sc_team_item_button\"><a href=\"https:\/\/morrierecords.com\/tr\/team\/softanalog\/\" class=\"sc_button sc_button_simple\">Devam\u0131n\u0131 oku<\/a><\/div><\/div>\r\n<\/div><div data-post-id=\"510\" class=\"sc_team_item no_links post-510 cpt_team type-cpt_team status-publish has-post-thumbnail hentry\">\r\n\t<div class=\"post_featured with_thumb hover_icon sc_team_item_thumb\"><img width=\"1200\" height=\"1036\" src=\"https:\/\/morrierecords.com\/wp-content\/uploads\/2019\/02\/ork12-1200x1036.jpg\" class=\"attachment-rareradio-thumb-team size-rareradio-thumb-team wp-post-image\" alt=\"\" loading=\"lazy\" \/>\t\t\t\t\t\t<div class=\"mask\"><\/div>\r\n\t\t\t\t\t\t\t\t\t<div class=\"icons\"><a href=\"https:\/\/morrierecords.com\/tr\/team\/orkhanmirzesoy\/\"  aria-hidden=\"true\" class=\"icon-add-plus-button\"><\/a><\/div>\r\n\t\t\t<\/div>\t<div class=\"sc_team_item_info\">\r\n\t\t<div class=\"sc_team_item_header\">\r\n\t\t\t<h2 class=\"sc_team_item_title entry-title\"><a href=\"https:\/\/morrierecords.com\/tr\/team\/orkhanmirzesoy\/\">Orkhan Mirzesoy<\/a><\/h2>\r\n\t\t<\/div>\r\n\t\t<div class=\"sc_team_item_content\"><p>Bak\u00fcl\u00fc besteci ve s\u00f6z yazar\u0131 Orkhan Mirzesoy, m\u00fczik kariyerini besteledi\u011fi \u015fark\u0131lar ve film m\u00fczikleri ile s\u00fcrd\u00fcrmektedir. M\u00fczi\u011fi, hayat\u0131ndaki \u00e7e\u015fitli d\u00f6n\u00fcm noktlar\u0131yla yakalamaya \u00e7al\u0131\u015f\u0131r ve dinleyiciyi i\u00e7sel m\u00fccadelelerinde desteklemeyi ama\u00e7lar. M\u00fczi\u011fe olan yetene\u011fi, farkl\u0131 sanat bi\u00e7imleriyle \u00e7evrili sanatsal bir ailede b\u00fcy\u00fcmenin sonucudur. Kendi kendini yeti\u015ftirmi\u015f bir m\u00fczisyen, kuzeydo\u011fu k\u00f6klerini m\u00fczi\u011fine yans\u0131t\u0131r. Orkhan Mirzesoy m\u00fczik ile ilgili tan\u0131m\u0131n\u0131 \u015f\u00f6yle yap\u0131yor: \u201cGeleneksel ve geleneksel olmayan m\u00fczik aletlerini bir arada kullanmak m\u00fczi\u011fin ruhsal olarak uyum sa\u011flamas\u0131na yard\u0131mc\u0131 olur.\u201d Atmosferik tonlara ve arka plan seslerine odaklanmas\u0131, m\u00fczik d\u00fcnyas\u0131ndaki yerini tasvir ediyor. \u201cSanat\u00e7\u0131lar h\u0131zl\u0131 bisiklet s\u00fcrmeyi deneyimlediklerinde, son derece ac\u0131 verici sanat motifleri yarat\u0131rlar ve olu\u015fan bu bak\u0131\u015f a\u00e7\u0131s\u0131 yeni bir yelpazenin kap\u0131lar\u0131n\u0131 a\u00e7ar.\u201d diye ekleyen Mirzesoy\u2019un ilk enstr\u00fcmantal single\u2019\u0131 \u201cFirst Kiss\u201d Spotify'da 176.000 dinlenmeye ula\u015ft\u0131 ve yerel radyo istasyonlar\u0131nda yer ald\u0131. Orkhan ayn\u0131 zamanda bipolar bozuklu\u011fu olan birini sevmenin en zor zamanlar\u0131n\u0131 anlatan \u201cBipolarNotes\u201d adl\u0131 projenin yarat\u0131c\u0131s\u0131d\u0131r. \"BipolarNotes, maviler i\u00e7indeki bir \u00e7ocu\u011fun duyulmam\u0131\u015f sesi ve unutulmu\u015f an\u0131lar\u0131na yapt\u0131\u011f\u0131 yolculuktur. BipolarNotes i\u00e7in videolar olu\u015fturmak, ruh sa\u011fl\u0131\u011f\u0131 toplulu\u011funun sesi olmay\u0131 ama\u00e7layan bir kendini ifade etme bi\u00e7imidir. Orkhan Mirzesoy, \u201c\u00d6zg\u00fcrl\u00fck (Orijinal Sinema Film M\u00fczi\u011fi)\u201d, \u201cYolcu\u201d, \u201cOyun\u201d gibi bir\u00e7ok filme imza att\u0131 ve daha fazlas\u0131 geliyor.<\/p>\n<\/div><div class=\"sc_team_item_socials socials_wrap\"><a target=\"_blank\" href=\"http:\/\/orkhanmirzesoy.com\/\" class=\"social_item social_item_style_icons sc_icon_type_icons social_item_type_icons\"><span class=\"social_icon social_icon_globe\"><span class=\"icon-globe\"><\/span><\/span><\/a><a target=\"_blank\" href=\"https:\/\/open.spotify.com\/artist\/3q1Tyc2grTGeCXSULsgaTM?si=T4FzBTGfRqK_P2I6KCGesQ\" class=\"social_item social_item_style_icons sc_icon_type_icons social_item_type_icons\"><span class=\"social_icon social_icon_spotify\"><span class=\"icon-spotify\"><\/span><\/span><\/a><a target=\"_blank\" href=\"https:\/\/www.youtube.com\/channel\/UCXaNTIgn_0VKQkM8fpREC4Q\" class=\"social_item social_item_style_icons sc_icon_type_icons social_item_type_icons\"><span class=\"social_icon social_icon_rr-youtube\"><span class=\"icon-rr-youtube\"><\/span><\/span><\/a><a target=\"_blank\" href=\"https:\/\/www.instagram.com\/orkhanmirzesoy\" class=\"social_item social_item_style_icons sc_icon_type_icons social_item_type_icons\"><span class=\"social_icon social_icon_instagramm\"><span class=\"icon-instagramm\"><\/span><\/span><\/a><a target=\"_blank\" href=\"https:\/\/www.facebook.com\/orkhanmirzesoy\/\" class=\"social_item social_item_style_icons sc_icon_type_icons social_item_type_icons\"><span class=\"social_icon social_icon_facebook\"><span class=\"icon-facebook\"><\/span><\/span><\/a><\/div><div class=\"sc_team_item_button\"><a href=\"https:\/\/morrierecords.com\/tr\/team\/orkhanmirzesoy\/\" class=\"sc_button sc_button_simple\">Devam\u0131n\u0131 oku<\/a><\/div><\/div>\r\n<\/div><\/div><\/div><!-- \/.sc_team -->\t\t<\/div>\n\t\t\t\t<\/div>\n\t\t\t\t<div class=\"elementor-element elementor-element-3e1bafd sc_fly_static elementor-widget elementor-widget-spacer\" data-id=\"3e1bafd\" data-element_type=\"widget\" data-widget_type=\"spacer.default\">\n\t\t\t\t<div class=\"elementor-widget-container\">\n\t\t\t\t\t<div class=\"elementor-spacer\">\n\t\t\t<div class=\"elementor-spacer-inner\"><\/div>\n\t\t<\/div>\n\t\t\t\t<\/div>\n\t\t\t\t<\/div>\n\t\t\t\t\t<\/div>\n\t\t<\/div>\n\t\t\t\t\t\t\t<\/div>\n\t\t<\/section>\n\t\t\t\t<section class=\"elementor-section elementor-top-section elementor-element elementor-element-eb4f8de elementor-section-stretched elementor-section-boxed elementor-section-height-default elementor-section-height-default\" data-id=\"eb4f8de\" data-element_type=\"section\" data-settings=\"{&quot;stretch_section&quot;:&quot;section-stretched&quot;,&quot;background_background&quot;:&quot;classic&quot;}\">\n\t\t\t\t\t\t<div class=\"elementor-container elementor-column-gap-extended\">\n\t\t\t\t\t<div class=\"elementor-column elementor-col-100 elementor-top-column elementor-element elementor-element-2b57643 sc_inner_width_none sc_content_align_inherit sc_layouts_column_icons_position_left\" data-id=\"2b57643\" data-element_type=\"column\">\n\t\t\t<div class=\"elementor-widget-wrap elementor-element-populated\">\n\t\t\t\t\t\t\t\t<div class=\"elementor-element elementor-element-1f7b8a9 sc_fly_static elementor-widget elementor-widget-spacer\" data-id=\"1f7b8a9\" data-element_type=\"widget\" data-widget_type=\"spacer.default\">\n\t\t\t\t<div class=\"elementor-widget-container\">\n\t\t\t\t\t<div class=\"elementor-spacer\">\n\t\t\t<div class=\"elementor-spacer-inner\"><\/div>\n\t\t<\/div>\n\t\t\t\t<\/div>\n\t\t\t\t<\/div>\n\t\t\t\t<div class=\"elementor-element elementor-element-1642766 sc_fly_static elementor-widget elementor-widget-spacer\" data-id=\"1642766\" data-element_type=\"widget\" data-widget_type=\"spacer.default\">\n\t\t\t\t<div class=\"elementor-widget-container\">\n\t\t\t\t\t<div class=\"elementor-spacer\">\n\t\t\t<div class=\"elementor-spacer-inner\"><\/div>\n\t\t<\/div>\n\t\t\t\t<\/div>\n\t\t\t\t<\/div>\n\t\t\t\t\t<\/div>\n\t\t<\/div>\n\t\t\t\t\t\t\t<\/div>\n\t\t<\/section>\n\t\t\t\t\t\t\t<\/div>","protected":false},"excerpt":{"rendered":"<p>Sophie Mcphee Nemo enim ipsam voluptatem, quia voluptas sit, aspernatur aut odit aut fugit, sed quia consequuntur magni dolores eos, qui ratione voluptatem sequi nesciunt, neque porro quisquam est. Ut wisi enim ad minim veniam, quis nostrud exerci tation ullamcorper suscipit lobortis nisl&hellip;<\/p>","protected":false},"author":1,"featured_media":0,"parent":0,"menu_order":0,"comment_status":"closed","ping_status":"closed","template":"","meta":[],"_links":{"self":[{"href":"https:\/\/morrierecords.com\/tr\/wp-json\/wp\/v2\/pages\/87"}],"collection":[{"href":"https:\/\/morrierecords.com\/tr\/wp-json\/wp\/v2\/pages"}],"about":[{"href":"https:\/\/morrierecords.com\/tr\/wp-json\/wp\/v2\/types\/page"}],"author":[{"embeddable":true,"href":"https:\/\/morrierecords.com\/tr\/wp-json\/wp\/v2\/users\/1"}],"replies":[{"embeddable":true,"href":"https:\/\/morrierecords.com\/tr\/wp-json\/wp\/v2\/comments?post=87"}],"version-history":[{"count":2,"href":"https:\/\/morrierecords.com\/tr\/wp-json\/wp\/v2\/pages\/87\/revisions"}],"predecessor-version":[{"id":3790,"href":"https:\/\/morrierecords.com\/tr\/wp-json\/wp\/v2\/pages\/87\/revisions\/3790"}],"wp:attachment":[{"href":"https:\/\/morrierecords.com\/tr\/wp-json\/wp\/v2\/media?parent=87"}],"curies":[{"name":"wp","href":"https:\/\/api.w.org\/{rel}","templated":true}]}}