{"id":79,"date":"2019-02-20T14:30:26","date_gmt":"2019-02-20T14:30:26","guid":{"rendered":"http:\/\/morrierecords.com\/?page_id=79"},"modified":"2021-10-01T16:26:43","modified_gmt":"2021-10-01T13:26:43","slug":"what-we-do","status":"publish","type":"page","link":"https:\/\/morrierecords.com\/tr\/what-we-do\/","title":{"rendered":"Neler Yap\u0131yoruz?"},"content":{"rendered":"<div data-elementor-type=\"wp-post\" data-elementor-id=\"79\" class=\"elementor elementor-79\">\n\t\t\t\t\t\t\t\t\t<section class=\"elementor-section elementor-top-section elementor-element elementor-element-98807bb elementor-section-boxed elementor-section-height-default elementor-section-height-default\" data-id=\"98807bb\" data-element_type=\"section\">\n\t\t\t\t\t\t<div class=\"elementor-container elementor-column-gap-extended\">\n\t\t\t\t\t<div class=\"elementor-column elementor-col-100 elementor-top-column elementor-element elementor-element-c121ddd sc_inner_width_none sc_content_align_inherit sc_layouts_column_icons_position_left\" data-id=\"c121ddd\" data-element_type=\"column\">\n\t\t\t<div class=\"elementor-widget-wrap elementor-element-populated\">\n\t\t\t\t\t\t\t\t<div class=\"elementor-element elementor-element-f986014 sc_fly_static elementor-widget elementor-widget-spacer\" data-id=\"f986014\" data-element_type=\"widget\" data-widget_type=\"spacer.default\">\n\t\t\t\t<div class=\"elementor-widget-container\">\n\t\t\t\t\t<div class=\"elementor-spacer\">\n\t\t\t<div class=\"elementor-spacer-inner\"><\/div>\n\t\t<\/div>\n\t\t\t\t<\/div>\n\t\t\t\t<\/div>\n\t\t\t\t\t<\/div>\n\t\t<\/div>\n\t\t\t\t\t\t\t<\/div>\n\t\t<\/section>\n\t\t\t\t<section class=\"elementor-section elementor-top-section elementor-element elementor-element-0e193cd elementor-section-boxed elementor-section-height-default elementor-section-height-default\" data-id=\"0e193cd\" data-element_type=\"section\">\n\t\t\t\t\t\t<div class=\"elementor-container elementor-column-gap-extended\">\n\t\t\t\t\t<div class=\"elementor-column elementor-col-100 elementor-top-column elementor-element elementor-element-08b261a sc_inner_width_none sc_content_align_inherit sc_layouts_column_icons_position_left\" data-id=\"08b261a\" data-element_type=\"column\">\n\t\t\t<div class=\"elementor-widget-wrap elementor-element-populated\">\n\t\t\t\t\t\t\t\t<div class=\"elementor-element elementor-element-b61c396 sc_fly_static elementor-widget elementor-widget-trx_sc_title\" data-id=\"b61c396\" data-element_type=\"widget\" data-widget_type=\"trx_sc_title.default\">\n\t\t\t\t<div class=\"elementor-widget-container\">\n\t\t\t<div id=\"trx_sc_title_297327075\"\n\t\tclass=\"sc_title sc_title_default\"><span class=\"sc_item_subtitle sc_title_subtitle sc_item_subtitle_above sc_item_title_style_default\">Konseptle\u015ftirme<\/span><h2 class=\"sc_item_title sc_title_title sc_item_title_style_default sc_item_title_tag\"><span class=\"sc_item_title_text\">Hikaye<\/span><\/h2><div class=\"sc_item_descr sc_title_descr\"><p>\u0130ster tek bir eser ister bir alb\u00fcm ister sanat\u00e7\u0131n\u0131n kendisi i\u00e7in; g\u00f6rsel ve metinsel kavram\u0131n b\u00fct\u00fcn\u00fcn\u00fc olu\u015fturuyoruz. Yol haritas\u0131 haz\u0131rl\u0131yor ve uygulama s\u00fcre\u00e7lerini y\u00fcr\u00fct\u00fcyoruz.<\/p>\n<\/div><\/div><!-- \/.sc_title -->\t\t<\/div>\n\t\t\t\t<\/div>\n\t\t\t\t\t<\/div>\n\t\t<\/div>\n\t\t\t\t\t\t\t<\/div>\n\t\t<\/section>\n\t\t\t\t<section class=\"elementor-section elementor-top-section elementor-element elementor-element-07c9887 elementor-section-boxed elementor-section-height-default elementor-section-height-default\" data-id=\"07c9887\" data-element_type=\"section\">\n\t\t\t\t\t\t<div class=\"elementor-container elementor-column-gap-extended\">\n\t\t\t\t\t<div class=\"elementor-column elementor-col-100 elementor-top-column elementor-element elementor-element-34aae2e sc_inner_width_none sc_content_align_inherit sc_layouts_column_icons_position_left\" data-id=\"34aae2e\" data-element_type=\"column\">\n\t\t\t<div class=\"elementor-widget-wrap elementor-element-populated\">\n\t\t\t\t\t\t\t\t<div class=\"elementor-element elementor-element-a5514fd sc_fly_static elementor-widget elementor-widget-text-editor\" data-id=\"a5514fd\" data-element_type=\"widget\" data-widget_type=\"text-editor.default\">\n\t\t\t\t<div class=\"elementor-widget-container\">\n\t\t\t\t\t\t\t<p class=\"p1\"><span class=\"s1\"><b>K\u0130M? <\/b><\/span><span class=\"s1\">M\u00fczik kim taraf\u0131ndan ve <\/span><span class=\"s1\">kimler i\u00e7in yap\u0131l\u0131yor?<\/span><\/p><p class=\"p1\"><span class=\"s1\"><b>NE? <\/b><\/span><span class=\"s1\">Sanat\u00e7\u0131(lar) bu m\u00fczi\u011fi neden yap\u0131yor? Yarat\u0131c\u0131l\u0131\u011f\u0131 besleyen noktalar, ilham kaynaklar\u0131 neler?<\/span><\/p><p class=\"p1\"><span class=\"s1\"><b>NEREDE? <\/b><\/span><span class=\"s1\">Eserler nerelerde yer alacak? Fiziksel mekan, etkinlik se\u00e7imleri neler?<\/span><\/p><p class=\"p1\"><span class=\"s1\"><b>NEDEN? <\/b><\/span><span class=\"s1\">Sanat eserinin ana mesaj\u0131 ve amac\u0131 ne? Hedefler neler?<\/span><\/p><p class=\"p1\"><span class=\"s1\"><b>NASIL? <\/b><\/span><span class=\"s1\">Eserleri nas\u0131l bir dil ve g\u00f6rsel d\u00fcnya ile sunaca\u011f\u0131z?<\/span><\/p>\t\t\t\t\t\t<\/div>\n\t\t\t\t<\/div>\n\t\t\t\t\t<\/div>\n\t\t<\/div>\n\t\t\t\t\t\t\t<\/div>\n\t\t<\/section>\n\t\t\t\t<section class=\"elementor-section elementor-top-section elementor-element elementor-element-92df146 elementor-section-boxed elementor-section-height-default elementor-section-height-default\" data-id=\"92df146\" data-element_type=\"section\">\n\t\t\t\t\t\t<div class=\"elementor-container elementor-column-gap-extended\">\n\t\t\t\t\t<div class=\"elementor-column elementor-col-100 elementor-top-column elementor-element elementor-element-0ba5358 sc_inner_width_none sc_content_align_inherit sc_layouts_column_icons_position_left\" data-id=\"0ba5358\" data-element_type=\"column\">\n\t\t\t<div class=\"elementor-widget-wrap elementor-element-populated\">\n\t\t\t\t\t\t\t\t<div class=\"elementor-element elementor-element-86f5b0b sc_fly_static elementor-widget elementor-widget-text-editor\" data-id=\"86f5b0b\" data-element_type=\"widget\" data-widget_type=\"text-editor.default\">\n\t\t\t\t<div class=\"elementor-widget-container\">\n\t\t\t\t\t\t\t<h5>\u00a0<\/h5><h5 class=\"p1\"><span class=\"s1\"><b>G\u00d6RSELLE\u015eT\u0130RME<\/b><\/span><\/h5><p class=\"p1\"><span class=\"s1\">Sanat\u00e7\u0131 ile belirlenecek hik\u00e2ye anlat\u0131m\u0131 s\u00fcrecinin ard\u0131ndan bu hik\u00e2yeyi eksiksiz g\u00f6rsellerle destekleme k\u0131sm\u0131na ge\u00e7iyoruz. Grafik tasar\u0131m, foto\u011fraf \u00e7ekimleri, alb\u00fcm kapa\u011f\u0131, ili\u015fkili olan sosyal medya i\u00e7erikleri ve hatta sanat\u00e7\u0131n\u0131n s\u00fcre\u00e7teki imaj\u0131 da bazen bu kapsama dahil edilebiliyor.<\/span><\/p><p>Graphic design, photo shoots, album cover, social media content and even the styling of the artist in the process can sometimes be included in this scope.<\/p>\t\t\t\t\t\t<\/div>\n\t\t\t\t<\/div>\n\t\t\t\t\t<\/div>\n\t\t<\/div>\n\t\t\t\t\t\t\t<\/div>\n\t\t<\/section>\n\t\t\t\t<section class=\"elementor-section elementor-top-section elementor-element elementor-element-c32c3c2 elementor-section-boxed elementor-section-height-default elementor-section-height-default\" data-id=\"c32c3c2\" data-element_type=\"section\">\n\t\t\t\t\t\t<div class=\"elementor-container elementor-column-gap-extended\">\n\t\t\t\t\t<div class=\"elementor-column elementor-col-100 elementor-top-column elementor-element elementor-element-79a9f63 sc_inner_width_none sc_content_align_inherit sc_layouts_column_icons_position_left\" data-id=\"79a9f63\" data-element_type=\"column\">\n\t\t\t<div class=\"elementor-widget-wrap elementor-element-populated\">\n\t\t\t\t\t\t\t\t<div class=\"elementor-element elementor-element-6e7f57a sc_fly_static elementor-widget elementor-widget-text-editor\" data-id=\"6e7f57a\" data-element_type=\"widget\" data-widget_type=\"text-editor.default\">\n\t\t\t\t<div class=\"elementor-widget-container\">\n\t\t\t\t\t\t\t<p>\u00a0<\/p><p class=\"p1\"><span class=\"s1\"><b>PROD\u00dcKS\u0130YON<\/b><\/span><\/p><p class=\"p1\"><span class=\"s1\">Metinsel ve g\u00f6rsel b\u00fct\u00fcnl\u00fc\u011f\u00fc tamamlayan bir di\u011fer unsur olarak, video-klip \u00e7ekimleri ve t\u00fcm prod\u00fcksiyon \u00e7al\u0131\u015fmalar\u0131, e\u011fer antla\u015fma dahilindeyse taraf\u0131m\u0131zca planlan\u0131yor ve uygulan\u0131yor.<\/span><\/p>\t\t\t\t\t\t<\/div>\n\t\t\t\t<\/div>\n\t\t\t\t\t<\/div>\n\t\t<\/div>\n\t\t\t\t\t\t\t<\/div>\n\t\t<\/section>\n\t\t\t\t<section class=\"elementor-section elementor-top-section elementor-element elementor-element-6264a2e elementor-section-boxed elementor-section-height-default elementor-section-height-default\" data-id=\"6264a2e\" data-element_type=\"section\">\n\t\t\t\t\t\t<div class=\"elementor-container elementor-column-gap-extended\">\n\t\t\t\t\t<div class=\"elementor-column elementor-col-100 elementor-top-column elementor-element elementor-element-44bafa9 sc_inner_width_none sc_content_align_inherit sc_layouts_column_icons_position_left\" data-id=\"44bafa9\" data-element_type=\"column\">\n\t\t\t<div class=\"elementor-widget-wrap elementor-element-populated\">\n\t\t\t\t\t\t\t\t<div class=\"elementor-element elementor-element-2f65941 sc_fly_static elementor-widget elementor-widget-text-editor\" data-id=\"2f65941\" data-element_type=\"widget\" data-widget_type=\"text-editor.default\">\n\t\t\t\t<div class=\"elementor-widget-container\">\n\t\t\t\t\t\t\t<h5 class=\"p1\"><br \/>DA\u011eITIM <br \/>TEL\u0130F HAKKI, L\u0130SANS<\/h5><p class=\"p1\"><span class=\"s1\"><b>Ulusal ve uluslararas\u0131 d\u00fczeyde m\u00fczik yay\u0131n\u0131 yapan bir\u00e7ok dijital kanal bulunmaktad\u0131r. Morrie Records olarak sanat\u00e7\u0131 i\u00e7in en do\u011fru ve etkili olanlar\u0131 belirliyor ve eserin\/eserlerin dahil edilmesi i\u00e7in gerekli t\u00fcm ad\u0131mlar\u0131 at\u0131yoruz.<br \/><br \/><\/b><\/span><\/p>\t\t\t\t\t\t<\/div>\n\t\t\t\t<\/div>\n\t\t\t\t\t<\/div>\n\t\t<\/div>\n\t\t\t\t\t\t\t<\/div>\n\t\t<\/section>\n\t\t\t\t<section class=\"elementor-section elementor-top-section elementor-element elementor-element-391326a elementor-section-boxed elementor-section-height-default elementor-section-height-default\" data-id=\"391326a\" data-element_type=\"section\">\n\t\t\t\t\t\t<div class=\"elementor-container elementor-column-gap-extended\">\n\t\t\t\t\t<div class=\"elementor-column elementor-col-100 elementor-top-column elementor-element elementor-element-a97c9f7 sc_inner_width_none sc_content_align_inherit sc_layouts_column_icons_position_left\" data-id=\"a97c9f7\" data-element_type=\"column\">\n\t\t\t<div class=\"elementor-widget-wrap elementor-element-populated\">\n\t\t\t\t\t\t\t\t<div class=\"elementor-element elementor-element-dee8089 sc_fly_static elementor-widget elementor-widget-text-editor\" data-id=\"dee8089\" data-element_type=\"widget\" data-widget_type=\"text-editor.default\">\n\t\t\t\t<div class=\"elementor-widget-container\">\n\t\t\t\t\t\t\t<p class=\"p1\"><span class=\"s1\"><b>Distribution<\/b><\/span><\/p><p class=\"p1\"><span class=\"s1\">Eserlerin lisanslanmas\u0131, telif haklar\u0131, Spotify, Apple Music, VEVO gibi m\u00fczik- video mecralar\u0131nda yay\u0131nlanmas\u0131 ve ilgili t\u00fcm s\u00fcre\u00e7lerin takibi de Morrie Records taraf\u0131ndan y\u00fcr\u00fct\u00fclmektedir.<\/span><\/p>\t\t\t\t\t\t<\/div>\n\t\t\t\t<\/div>\n\t\t\t\t\t<\/div>\n\t\t<\/div>\n\t\t\t\t\t\t\t<\/div>\n\t\t<\/section>\n\t\t\t\t<section class=\"elementor-section elementor-top-section elementor-element elementor-element-ce6fdf7 elementor-section-boxed elementor-section-height-default elementor-section-height-default\" data-id=\"ce6fdf7\" data-element_type=\"section\">\n\t\t\t\t\t\t<div class=\"elementor-container elementor-column-gap-extended\">\n\t\t\t\t\t<div class=\"elementor-column elementor-col-100 elementor-top-column elementor-element elementor-element-264def5 sc_inner_width_none sc_content_align_inherit sc_layouts_column_icons_position_left\" data-id=\"264def5\" data-element_type=\"column\">\n\t\t\t<div class=\"elementor-widget-wrap elementor-element-populated\">\n\t\t\t\t\t\t\t\t<div class=\"elementor-element elementor-element-3d1ed03 sc_fly_static elementor-widget elementor-widget-text-editor\" data-id=\"3d1ed03\" data-element_type=\"widget\" data-widget_type=\"text-editor.default\">\n\t\t\t\t<div class=\"elementor-widget-container\">\n\t\t\t\t\t\t\t<p class=\"p1\"><span class=\"s1\"><b><br \/>Booking<\/b><\/span><\/p><p class=\"p1\"><span class=\"s1\">Sanat\u00e7\u0131n\u0131n \u00e7e\u015fitli etkinlik, session, festival ve mekanlarda sahne almas\u0131 i\u00e7in gerekli ileti\u015fimleri kuruyor ve s\u00fcre\u00e7lerin takibini yap\u0131yoruz.<\/span><\/p><p class=\"p1\"><span class=\"s1\">*Yaln\u0131zca s\u00fcreli s\u00f6zle\u015fmelerde ge\u00e7erlidir.<\/span><\/p><p class=\"p1\"><span class=\"s1\">Representation (Public Transmission) Right:<\/span><\/p><p class=\"p1\"><span class=\"s1\">In Turkey, represented as in world practice law (public transmission or rights arising from the publication) based on each country&#8217;s authority received from composers and music publishers by their professional associations will be collected from broadcasters and paid to the rightful owners.<\/span><\/p><p class=\"p1\"><span class=\"s1\">As an example representation of the music they broadcast the TV channel in Turkey (public communication) that the right amount of work its members with professional associations (MSG or I MESAM) they pay. Professional associations also distribute these copyright fees to composers according to the music usage lists specified on the basis of seconds in the daily music usage forms they receive from broadcasters.<\/span><\/p><p class=\"p1\"><span class=\"s1\">These rights should not be confused with each other. The contract concluded with TV and \/ or radio organizations for the right of representation (public transmission) never includes reproduction (mechanical) rights.<\/span><\/p><p class=\"p1\"><span class=\"s1\">All music users T.C. and according to international laws, they must never use musical works without permission and license from the owners and neighboring rights holders.<\/span><\/p>\t\t\t\t\t\t<\/div>\n\t\t\t\t<\/div>\n\t\t\t\t\t<\/div>\n\t\t<\/div>\n\t\t\t\t\t\t\t<\/div>\n\t\t<\/section>\n\t\t\t\t<section class=\"elementor-section elementor-top-section elementor-element elementor-element-fcaa351 elementor-section-boxed elementor-section-height-default elementor-section-height-default\" data-id=\"fcaa351\" data-element_type=\"section\">\n\t\t\t\t\t\t<div class=\"elementor-container elementor-column-gap-extended\">\n\t\t\t\t\t<div class=\"elementor-column elementor-col-100 elementor-top-column elementor-element elementor-element-b9952f3 sc_inner_width_none sc_content_align_inherit sc_layouts_column_icons_position_left\" data-id=\"b9952f3\" data-element_type=\"column\">\n\t\t\t<div class=\"elementor-widget-wrap elementor-element-populated\">\n\t\t\t\t\t\t\t\t<div class=\"elementor-element elementor-element-f04be12 sc_fly_static elementor-widget elementor-widget-text-editor\" data-id=\"f04be12\" data-element_type=\"widget\" data-widget_type=\"text-editor.default\">\n\t\t\t\t<div class=\"elementor-widget-container\">\n\t\t\t\t\t\t\t<p>\u00a0<\/p><p class=\"p1\"><span class=\"s1\"><b>SOSYAL MEDYA<\/b><\/span><\/p><p class=\"p1\"><span class=\"s1\">Sanat\u00e7\u0131n\u0131n sosyal hesaplar\u0131n\u0131n y\u00f6netimini \u00fcstlenmiyoruz fakat ihtiyaca ba\u011fl\u0131 olarak ilgili mecralarda yap\u0131lacak g\u00f6nderi ve reklamlar i\u00e7in takvim ve raporlar haz\u0131rlayabiliyoruz. Genel gereksinimleri ve eksiklikleri belirliyoruz. Bunlara y\u00f6nelik \u00e7\u00f6z\u00fcmler geli\u015ftirerek ihtiya\u00e7lara g\u00f6re i\u00e7erik \u00fcretiminde destek sa\u011fl\u0131yoruz. Ayr\u0131ca \u00f6zellikle Instagram ve Twitter i\u00e7in bilgi ve t\u00fcyolar i\u00e7eren bir k\u0131lavuzu sanat\u00e7\u0131larla payla\u015f\u0131yoruz.\n\nSekt\u00f6r\u00fcn t\u00fcm dinamiklerini g\u00f6z \u00f6n\u00fcnde bulundurarak dijitalde nas\u0131l ve ne zaman reklam verilece\u011fini belirliyor ve uyguluyor.<\/span><\/p>\t\t\t\t\t\t<\/div>\n\t\t\t\t<\/div>\n\t\t\t\t\t<\/div>\n\t\t<\/div>\n\t\t\t\t\t\t\t<\/div>\n\t\t<\/section>\n\t\t\t\t<section class=\"elementor-section elementor-top-section elementor-element elementor-element-ee30798 elementor-section-boxed elementor-section-height-default elementor-section-height-default\" data-id=\"ee30798\" data-element_type=\"section\">\n\t\t\t\t\t\t<div class=\"elementor-container elementor-column-gap-extended\">\n\t\t\t\t\t<div class=\"elementor-column elementor-col-100 elementor-top-column elementor-element elementor-element-eed84a4 sc_inner_width_none sc_content_align_inherit sc_layouts_column_icons_position_left\" data-id=\"eed84a4\" data-element_type=\"column\">\n\t\t\t<div class=\"elementor-widget-wrap elementor-element-populated\">\n\t\t\t\t\t\t\t\t<div class=\"elementor-element elementor-element-71bdf6e sc_fly_static elementor-widget elementor-widget-text-editor\" data-id=\"71bdf6e\" data-element_type=\"widget\" data-widget_type=\"text-editor.default\">\n\t\t\t\t<div class=\"elementor-widget-container\">\n\t\t\t\t\t\t\t<p>\u00a0<\/p><p class=\"p1\"><span class=\"s1\"><b>Youtube<\/b><\/span><\/p><p class=\"p1\"><span class=\"s1\">Youtube i\u00e7in do\u011fru reklam kelimelerini, hashtag'leri kullanmak ve yay\u0131nlanacak reklamlar\u0131 y\u00f6netmek sorumluluklar\u0131m\u0131z aras\u0131ndad\u0131r. Youtube'u sadece bir vitrin olarak de\u011fil, ayn\u0131 zamanda bir para kayna\u011f\u0131 olarak kullanmak da ana hedeflerimizden biri.<\/span><\/p>\t\t\t\t\t\t<\/div>\n\t\t\t\t<\/div>\n\t\t\t\t\t<\/div>\n\t\t<\/div>\n\t\t\t\t\t\t\t<\/div>\n\t\t<\/section>\n\t\t\t\t<section class=\"elementor-section elementor-top-section elementor-element elementor-element-0b0ad5c elementor-section-boxed elementor-section-height-default elementor-section-height-default\" data-id=\"0b0ad5c\" data-element_type=\"section\">\n\t\t\t\t\t\t<div class=\"elementor-container elementor-column-gap-extended\">\n\t\t\t\t\t<div class=\"elementor-column elementor-col-100 elementor-top-column elementor-element elementor-element-24c70ea sc_inner_width_none sc_content_align_inherit sc_layouts_column_icons_position_left\" data-id=\"24c70ea\" data-element_type=\"column\">\n\t\t\t<div class=\"elementor-widget-wrap elementor-element-populated\">\n\t\t\t\t\t\t\t\t<div class=\"elementor-element elementor-element-5ac2918 sc_fly_static elementor-widget elementor-widget-text-editor\" data-id=\"5ac2918\" data-element_type=\"widget\" data-widget_type=\"text-editor.default\">\n\t\t\t\t<div class=\"elementor-widget-container\">\n\t\t\t\t\t\t\t<p>\u00a0<\/p><h5 class=\"p1\">PR<\/h5><p><span class=\"s1\"><b>Sanat\u00e7\u0131 ve eser\/eserlerinin medya, TV ve radyo kanallar\u0131nda ne zaman ve nas\u0131l g\u00f6r\u00fcnece\u011fini belirleme ve bunlarla ilgili s\u00fcre\u00e7leri d\u00fczenleme sorumlulu\u011funu \u00fcstleniyoruz. Do\u011fru bir g\u00f6r\u00fcn\u00fcrl\u00fck i\u00e7in ileti\u015fimleri kuruyoruz fakat herhangi bir yay\u0131n hakk\u0131nda garanti vermiyoruz.\nHer yeni proje ve eser i\u00e7in sanat\u00e7\u0131 i\u00e7in \u00f6zelle\u015ftirilmi\u015f bir b\u00fclten yay\u0131nl\u0131yor ve bu b\u00fclteni zincirimizde yer alan yerli- yabanc\u0131 k\u00fclt\u00fcr-sanat ve m\u00fczik ba\u011flant\u0131lar\u0131m\u0131zla payla\u015f\u0131yoruz.<\/b><\/span><\/p>\t\t\t\t\t\t<\/div>\n\t\t\t\t<\/div>\n\t\t\t\t\t<\/div>\n\t\t<\/div>\n\t\t\t\t\t\t\t<\/div>\n\t\t<\/section>\n\t\t\t\t<section class=\"elementor-section elementor-top-section elementor-element elementor-element-8aec210 elementor-section-boxed elementor-section-height-default elementor-section-height-default\" data-id=\"8aec210\" data-element_type=\"section\">\n\t\t\t\t\t\t<div class=\"elementor-container elementor-column-gap-extended\">\n\t\t\t\t\t<div class=\"elementor-column elementor-col-100 elementor-top-column elementor-element elementor-element-d6731d4 sc_inner_width_none sc_content_align_inherit sc_layouts_column_icons_position_left\" data-id=\"d6731d4\" data-element_type=\"column\">\n\t\t\t<div class=\"elementor-widget-wrap elementor-element-populated\">\n\t\t\t\t\t\t\t\t<div class=\"elementor-element elementor-element-37828ba sc_fly_static elementor-widget elementor-widget-text-editor\" data-id=\"37828ba\" data-element_type=\"widget\" data-widget_type=\"text-editor.default\">\n\t\t\t\t<div class=\"elementor-widget-container\">\n\t\t\t\t\t\t\t<h5 class=\"p1\"><br \/>\u0130\u015e B\u0130RL\u0130\u011e\u0130 VE SPONSORLUKLAR<br \/><span class=\"s1\"><b>Sanat\u00e7\u0131, eserleri ve ortak projeler i\u00e7in \u00f6zel bir sunum dosyas\u0131 haz\u0131rl\u0131yoruz. Bu dosyay\u0131 sanat\u00e7\u0131n\u0131n beklentileri do\u011frultusunda i\u015f birli\u011fi ve sponsorluk i\u00e7in ilgili ki\u015fi ve kurumlarla payla\u015f\u0131yoruz.<\/b><\/span><\/h5>\t\t\t\t\t\t<\/div>\n\t\t\t\t<\/div>\n\t\t\t\t\t<\/div>\n\t\t<\/div>\n\t\t\t\t\t\t\t<\/div>\n\t\t<\/section>\n\t\t\t\t<section class=\"elementor-section elementor-top-section elementor-element elementor-element-f4c257b elementor-section-boxed elementor-section-height-default elementor-section-height-default\" data-id=\"f4c257b\" data-element_type=\"section\">\n\t\t\t\t\t\t<div class=\"elementor-container elementor-column-gap-extended\">\n\t\t\t\t\t<div class=\"elementor-column elementor-col-100 elementor-top-column elementor-element elementor-element-ffa5d9f sc_inner_width_none sc_content_align_inherit sc_layouts_column_icons_position_left\" data-id=\"ffa5d9f\" data-element_type=\"column\">\n\t\t\t<div class=\"elementor-widget-wrap elementor-element-populated\">\n\t\t\t\t\t\t\t\t<div class=\"elementor-element elementor-element-f20efef sc_fly_static elementor-widget elementor-widget-text-editor\" data-id=\"f20efef\" data-element_type=\"widget\" data-widget_type=\"text-editor.default\">\n\t\t\t\t<div class=\"elementor-widget-container\">\n\t\t\t\t\t\t\t<h5 class=\"p1\">PROJELER<\/h5><p class=\"p1\"><span class=\"s1\"><b>Sanat\u00e7\u0131 ile birlikte kararla\u015ft\u0131raca\u011f\u0131m\u0131z bir \u00e7er\u00e7evede, belirli s\u00fcre\u00e7ler i\u00e7erisinde sanat\u00e7\u0131 i\u00e7in d\u00fcet, etkinlik ve tan\u0131t\u0131m projeleri ger\u00e7ekle\u015ftirmeyi planl\u0131yoruz.\n\nKendi b\u00fcnyemizde d\u00fczenleyece\u011fimiz canl\u0131 yay\u0131nlar, konsept session\u2019lar ve etkinlikler kapsam\u0131nda sanat\u00e7\u0131lar\u0131m\u0131zla birlikte \u00e7al\u0131\u015fmay\u0131 hedefliyoruz.<\/b><\/span><\/p>\t\t\t\t\t\t<\/div>\n\t\t\t\t<\/div>\n\t\t\t\t\t<\/div>\n\t\t<\/div>\n\t\t\t\t\t\t\t<\/div>\n\t\t<\/section>\n\t\t\t\t<section class=\"elementor-section elementor-top-section elementor-element elementor-element-5f6688c elementor-section-boxed elementor-section-height-default elementor-section-height-default\" data-id=\"5f6688c\" data-element_type=\"section\">\n\t\t\t\t\t\t<div class=\"elementor-container elementor-column-gap-extended\">\n\t\t\t\t\t<div class=\"elementor-column elementor-col-100 elementor-top-column elementor-element elementor-element-1bce08f sc_inner_width_none sc_content_align_inherit sc_layouts_column_icons_position_left\" data-id=\"1bce08f\" data-element_type=\"column\">\n\t\t\t<div class=\"elementor-widget-wrap elementor-element-populated\">\n\t\t\t\t\t\t\t\t<div class=\"elementor-element elementor-element-25513ac sc_fly_static elementor-widget elementor-widget-spacer\" data-id=\"25513ac\" data-element_type=\"widget\" data-widget_type=\"spacer.default\">\n\t\t\t\t<div class=\"elementor-widget-container\">\n\t\t\t\t\t<div class=\"elementor-spacer\">\n\t\t\t<div class=\"elementor-spacer-inner\"><\/div>\n\t\t<\/div>\n\t\t\t\t<\/div>\n\t\t\t\t<\/div>\n\t\t\t\t\t<\/div>\n\t\t<\/div>\n\t\t\t\t\t\t\t<\/div>\n\t\t<\/section>\n\t\t\t\t\t\t\t<\/div>","protected":false},"excerpt":{"rendered":"<p>Conseptualization Storytelling Morrie Records, either for a single work, for an album or for the artist himself; constitutes the whole of the visual and textual concept. It prepares a road map and carries out the implementation processes. WHO? Who is this music made&hellip;<\/p>","protected":false},"author":1,"featured_media":0,"parent":0,"menu_order":0,"comment_status":"closed","ping_status":"closed","template":"","meta":[],"_links":{"self":[{"href":"https:\/\/morrierecords.com\/tr\/wp-json\/wp\/v2\/pages\/79"}],"collection":[{"href":"https:\/\/morrierecords.com\/tr\/wp-json\/wp\/v2\/pages"}],"about":[{"href":"https:\/\/morrierecords.com\/tr\/wp-json\/wp\/v2\/types\/page"}],"author":[{"embeddable":true,"href":"https:\/\/morrierecords.com\/tr\/wp-json\/wp\/v2\/users\/1"}],"replies":[{"embeddable":true,"href":"https:\/\/morrierecords.com\/tr\/wp-json\/wp\/v2\/comments?post=79"}],"version-history":[{"count":17,"href":"https:\/\/morrierecords.com\/tr\/wp-json\/wp\/v2\/pages\/79\/revisions"}],"predecessor-version":[{"id":4388,"href":"https:\/\/morrierecords.com\/tr\/wp-json\/wp\/v2\/pages\/79\/revisions\/4388"}],"wp:attachment":[{"href":"https:\/\/morrierecords.com\/tr\/wp-json\/wp\/v2\/media?parent=79"}],"curies":[{"name":"wp","href":"https:\/\/api.w.org\/{rel}","templated":true}]}}