{"id":77,"date":"2019-02-20T14:29:34","date_gmt":"2019-02-20T14:29:34","guid":{"rendered":"http:\/\/morrierecords.com\/?page_id=77"},"modified":"2021-10-01T16:28:40","modified_gmt":"2021-10-01T13:28:40","slug":"about-us","status":"publish","type":"page","link":"https:\/\/morrierecords.com\/tr\/about-us\/","title":{"rendered":"Hakk\u0131m\u0131zda"},"content":{"rendered":"<div data-elementor-type=\"wp-post\" data-elementor-id=\"77\" class=\"elementor elementor-77\">\n\t\t\t\t\t\t\t\t\t<section class=\"elementor-section elementor-top-section elementor-element elementor-element-8d9fe82 elementor-section-boxed elementor-section-height-default elementor-section-height-default\" data-id=\"8d9fe82\" data-element_type=\"section\">\n\t\t\t\t\t\t<div class=\"elementor-container elementor-column-gap-extended\">\n\t\t\t\t\t<div class=\"elementor-column elementor-col-100 elementor-top-column elementor-element elementor-element-d4de234 sc_inner_width_none sc_content_align_inherit sc_layouts_column_icons_position_left\" data-id=\"d4de234\" data-element_type=\"column\">\n\t\t\t<div class=\"elementor-widget-wrap elementor-element-populated\">\n\t\t\t\t\t\t\t\t<div class=\"elementor-element elementor-element-1ca2388 sc_fly_static elementor-widget elementor-widget-spacer\" data-id=\"1ca2388\" data-element_type=\"widget\" data-widget_type=\"spacer.default\">\n\t\t\t\t<div class=\"elementor-widget-container\">\n\t\t\t\t\t<div class=\"elementor-spacer\">\n\t\t\t<div class=\"elementor-spacer-inner\"><\/div>\n\t\t<\/div>\n\t\t\t\t<\/div>\n\t\t\t\t<\/div>\n\t\t\t\t\t<\/div>\n\t\t<\/div>\n\t\t\t\t\t\t\t<\/div>\n\t\t<\/section>\n\t\t\t\t<section class=\"elementor-section elementor-top-section elementor-element elementor-element-d110c03 elementor-section-boxed elementor-section-height-default elementor-section-height-default\" data-id=\"d110c03\" data-element_type=\"section\">\n\t\t\t\t\t\t<div class=\"elementor-container elementor-column-gap-extended\">\n\t\t\t\t\t<div class=\"elementor-column elementor-col-100 elementor-top-column elementor-element elementor-element-9941db5 sc_inner_width_none sc_content_align_inherit sc_layouts_column_icons_position_left\" data-id=\"9941db5\" data-element_type=\"column\">\n\t\t\t<div class=\"elementor-widget-wrap elementor-element-populated\">\n\t\t\t\t\t\t\t\t<div class=\"elementor-element elementor-element-35ea3ef sc_fly_static elementor-widget elementor-widget-heading\" data-id=\"35ea3ef\" data-element_type=\"widget\" data-widget_type=\"heading.default\">\n\t\t\t\t<div class=\"elementor-widget-container\">\n\t\t\t<h2 class=\"elementor-heading-title elementor-size-default\">B\u0130Z K\u0130M\u0130Z?<\/h2>\t\t<\/div>\n\t\t\t\t<\/div>\n\t\t\t\t\t<\/div>\n\t\t<\/div>\n\t\t\t\t\t\t\t<\/div>\n\t\t<\/section>\n\t\t\t\t<section class=\"elementor-section elementor-top-section elementor-element elementor-element-de90f82 elementor-section-boxed elementor-section-height-default elementor-section-height-default\" data-id=\"de90f82\" data-element_type=\"section\">\n\t\t\t\t\t\t<div class=\"elementor-container elementor-column-gap-extended\">\n\t\t\t\t\t<div class=\"elementor-column elementor-col-100 elementor-top-column elementor-element elementor-element-1474d9e sc_inner_width_none sc_content_align_inherit sc_layouts_column_icons_position_left\" data-id=\"1474d9e\" data-element_type=\"column\">\n\t\t\t<div class=\"elementor-widget-wrap elementor-element-populated\">\n\t\t\t\t\t\t\t\t<div class=\"elementor-element elementor-element-22fcd5d sc_fly_static elementor-widget elementor-widget-text-editor\" data-id=\"22fcd5d\" data-element_type=\"widget\" data-widget_type=\"text-editor.default\">\n\t\t\t\t<div class=\"elementor-widget-container\">\n\t\t\t\t\t\t\t<p>M\u00fczik dinlemeyi, hakk\u0131nda konu\u015fmay\u0131 ve yeni t\u0131n\u0131lar ke\u015ffetmeyi \u00e7ok seven Morrie Records ekibi olarak sanat\u0131n bir b\u00fct\u00fcn olarak ele al\u0131nmas\u0131 gerekti\u011fine inan\u0131yoruz.<\/p><p>Bizce mesele sadece dijital da\u011f\u0131t\u0131m yapmak de\u011fil.<\/p><p>M\u00fczisyenlerin \u015fark\u0131lar\u0131yla anlatmak istedikleri hikaye ve duygular\u0131 do\u011fru g\u00f6rsel d\u00fcnya ve materyallerle g\u00fc\u00e7lendiriyor ve b\u00fct\u00fcnle\u015ftiriyoruz.<\/p><p>\u0130nand\u0131\u011f\u0131m\u0131z her proje i\u00e7in bolca emek harc\u0131yor, tatmin edici bir sonuca ula\u015fana kadar durmuyoruz. M\u00fczisyenin eme\u011finin ve sanat\u0131n\u0131n kar\u015f\u0131l\u0131\u011f\u0131n\u0131 bulabilmesi i\u00e7in olu\u015fturdu\u011fumuz strateji ekseninde tan\u0131t\u0131m \u00e7al\u0131\u015fmalar\u0131n\u0131 yap\u0131yoruz.<\/p><p>Morrie Records olarak yeni projeler geli\u015ftiriyor ve bu projelerde sanat\u00e7\u0131lar\u0131m\u0131zla i\u015f birlikleri yapmay\u0131 hedefliyoruz.<\/p>\t\t\t\t\t\t<\/div>\n\t\t\t\t<\/div>\n\t\t\t\t\t<\/div>\n\t\t<\/div>\n\t\t\t\t\t\t\t<\/div>\n\t\t<\/section>\n\t\t\t\t<section class=\"elementor-section elementor-top-section elementor-element elementor-element-e6c4a26 elementor-section-boxed elementor-section-height-default elementor-section-height-default\" data-id=\"e6c4a26\" data-element_type=\"section\">\n\t\t\t\t\t\t<div class=\"elementor-container elementor-column-gap-extended\">\n\t\t\t\t\t<div class=\"elementor-column elementor-col-100 elementor-top-column elementor-element elementor-element-137f176 sc_inner_width_none sc_content_align_inherit sc_layouts_column_icons_position_left\" data-id=\"137f176\" data-element_type=\"column\">\n\t\t\t<div class=\"elementor-widget-wrap elementor-element-populated\">\n\t\t\t\t\t\t\t\t<div class=\"elementor-element elementor-element-eed4523 sc_fly_static elementor-widget elementor-widget-spacer\" data-id=\"eed4523\" data-element_type=\"widget\" data-widget_type=\"spacer.default\">\n\t\t\t\t<div class=\"elementor-widget-container\">\n\t\t\t\t\t<div class=\"elementor-spacer\">\n\t\t\t<div class=\"elementor-spacer-inner\"><\/div>\n\t\t<\/div>\n\t\t\t\t<\/div>\n\t\t\t\t<\/div>\n\t\t\t\t\t<\/div>\n\t\t<\/div>\n\t\t\t\t\t\t\t<\/div>\n\t\t<\/section>\n\t\t\t\t<section class=\"elementor-section elementor-top-section elementor-element elementor-element-dc6f486 elementor-section-stretched elementor-section-boxed elementor-section-height-default elementor-section-height-default\" data-id=\"dc6f486\" data-element_type=\"section\" data-settings=\"{&quot;stretch_section&quot;:&quot;section-stretched&quot;,&quot;background_background&quot;:&quot;classic&quot;}\">\n\t\t\t\t\t\t<div class=\"elementor-container elementor-column-gap-extended\">\n\t\t\t\t\t<div class=\"elementor-column elementor-col-100 elementor-top-column elementor-element elementor-element-d2aa6c8 sc_inner_width_none sc_content_align_inherit sc_layouts_column_icons_position_left\" data-id=\"d2aa6c8\" data-element_type=\"column\">\n\t\t\t<div class=\"elementor-widget-wrap elementor-element-populated\">\n\t\t\t\t\t\t\t\t<div class=\"elementor-element elementor-element-1421045 sc_height_tiny sc_fly_static elementor-widget elementor-widget-spacer\" data-id=\"1421045\" data-element_type=\"widget\" data-widget_type=\"spacer.default\">\n\t\t\t\t<div class=\"elementor-widget-container\">\n\t\t\t\t\t<div class=\"elementor-spacer\">\n\t\t\t<div class=\"elementor-spacer-inner\"><\/div>\n\t\t<\/div>\n\t\t\t\t<\/div>\n\t\t\t\t<\/div>\n\t\t\t\t\t<\/div>\n\t\t<\/div>\n\t\t\t\t\t\t\t<\/div>\n\t\t<\/section>\n\t\t\t\t\t\t\t<\/div>","protected":false},"excerpt":{"rendered":"<p>WHO WE ARE Morrie Records is a Turkey-based record label and music publishing company that operates under the Morrie Marr ad agency. Morrie Records was formed in January 2021, and became the first major agency for independent artists in Turkey, especially Turkish artists&hellip;<\/p>","protected":false},"author":1,"featured_media":0,"parent":0,"menu_order":0,"comment_status":"closed","ping_status":"closed","template":"","meta":[],"_links":{"self":[{"href":"https:\/\/morrierecords.com\/tr\/wp-json\/wp\/v2\/pages\/77"}],"collection":[{"href":"https:\/\/morrierecords.com\/tr\/wp-json\/wp\/v2\/pages"}],"about":[{"href":"https:\/\/morrierecords.com\/tr\/wp-json\/wp\/v2\/types\/page"}],"author":[{"embeddable":true,"href":"https:\/\/morrierecords.com\/tr\/wp-json\/wp\/v2\/users\/1"}],"replies":[{"embeddable":true,"href":"https:\/\/morrierecords.com\/tr\/wp-json\/wp\/v2\/comments?post=77"}],"version-history":[{"count":27,"href":"https:\/\/morrierecords.com\/tr\/wp-json\/wp\/v2\/pages\/77\/revisions"}],"predecessor-version":[{"id":4389,"href":"https:\/\/morrierecords.com\/tr\/wp-json\/wp\/v2\/pages\/77\/revisions\/4389"}],"wp:attachment":[{"href":"https:\/\/morrierecords.com\/tr\/wp-json\/wp\/v2\/media?parent=77"}],"curies":[{"name":"wp","href":"https:\/\/api.w.org\/{rel}","templated":true}]}}