{"id":3940,"date":"2021-01-21T23:34:03","date_gmt":"2021-01-21T20:34:03","guid":{"rendered":"http:\/\/morrierecords.com\/?page_id=3940"},"modified":"2021-10-01T20:22:42","modified_gmt":"2021-10-01T17:22:42","slug":"payment-and-delivery","status":"publish","type":"page","link":"https:\/\/morrierecords.com\/en\/payment-and-delivery\/","title":{"rendered":"Payment and Delivery"},"content":{"rendered":"\n<p><strong>EN<\/strong><br><br>1) You can make your payment with any bank credit card on the payment page. <br><br>2) You can take advantage of our online single payment or online installment options for any credit card with your credit cards on our site. In your online payments, the amount will be charged from your credit card at the end of your order. In case of order cancellations due to possible order cancellation or stock problems, your credit card will be refunded within 3 business days.<\/p>\n\n\n\n<p>3) Return of Order Fee<br>In case of cancellation of your orders for possible reasons; Morrie Marr Reklam Film M\u00fczik Production Limited \u015eirketi returns the product price to your account and \/ or credit card within three working days. However, you are required to report your bank account information and \/ or credit card information accurately and completely to the financial authorities of our company.<\/p>\n\n\n\n<p>4) Delivery<br>We try to deliver the products you ordered to the cargo on the same day. For products that take time to procure, the cargo delivery time is 3 working days as specified in the product details. You will be informed in case of a possible delay in delivery.<\/p>\n\n\n\n<p>In order to ensure the delivery of the product without delay, please inform the address of your location as the delivery address during the day.<\/p>\n\n\n\n<p>Your requests will be processed to be prepared according to the delivery type you have determined at the end of the order. Products from our Istanbul-based company will be sent by PTT cargo company. After your orders are approved, they are delivered to the Cargo company at the end of 2 (two) business days at the latest.<\/p>\n\n\n\n<p>You can consult our customer representative and discuss different delivery terms. There is also now available for cargo deliveries to Turkey borders alone.<\/p>\n\n\n\n<p> 5) Payment Tracking <\/p>\n\n\n\n<p>If the system in question cannot perform the transaction due to any problem, our visitor is informed of this at the end of the payment page.<\/p>\n\n\n\n<p>In case of any error at the specified address, a connection is made with the orderer regarding the order that cannot be delivered.<\/p>\n\n\n\n<p>The validity of the e-mail address specified by our visitor is confirmed by an automatic e-mail sent after the order is transferred.<\/p>\n\n\n\n<p>We have a responsibility to the bank where we use the credit card system as much as the customer for the delivery.<\/p>\n\n\n\n<p>Please be carefull!<\/p>\n\n\n\n<p>Open and check the packages that you think are damaged during shipment in front of the company representative you received. If you think there is any damage to the product, do not take delivery of the product by keeping a report to the cargo company.<\/p>\n\n\n\n<p>After the delivery of the product, it is accepted that the cargo company has fulfilled its duty completely.<\/p>\n\n\n\n<p>If the product is damaged: Please send the report you have prepared to merch@morriemarr.com as soon as possible.<\/p>\n\n\n\n<p>If you carry out these procedures, we will start working on your package and ensure that the delivery is repeated as soon as possible.<\/p>\n\n\n\n<p>If you briefly explain why you want to return the product in this e-mail, you will help us with our product-related work.<\/p>\n\n\n\n<p><strong>TR<br><\/strong>1) \u00d6demenizi \u00f6deme sayfas\u0131ndan herhangi bir banka kredi kart\u0131 ile yapabilirsiniz.<\/p>\n\n\n\n<p>2) Sitemiz \u00fczerinden kredi kartlar\u0131n\u0131z ile her t\u00fcrl\u00fc kredi kart\u0131n\u0131za online tek \u00f6deme ya da online taksit imk\u00e2nlar\u0131m\u0131zdan yararlanabilirsiniz. Online \u00f6demelerinizde sipari\u015finiz sonunda kredi kart\u0131n\u0131zdan tutar \u00e7ekim i\u015flemi ger\u00e7ekle\u015fecektir. Muhtemel sipari\u015f iptali veya stok sorunlar\u0131 nedeniyle sipari\u015f iptallerinde kredi kart\u0131n\u0131za para iadesi 3 i\u015f g\u00fcn\u00fc i\u00e7erisinde yap\u0131lacakt\u0131r.<\/p>\n\n\n\n<p>3) Sipari\u015f Bedeli \u0130adesi&nbsp;<\/p>\n\n\n\n<p>Sipari\u015flerinizin olas\u0131 sebeplerle iptali durumunda; Morrie Marr Reklam Film M\u00fczik Prod\u00fcksiyon Limited \u015eirketi \u00fc\u00e7 i\u015f g\u00fcn\u00fc i\u00e7erisinde \u00fcr\u00fcn bedelini hesab\u0131n\u0131za ve\/veya kredi kart\u0131n\u0131za iade eder. Ancak, banka hesap bilgilerinizi ve\/veya kredi kart\u0131 bilgilerinizi do\u011fru ve eksiksiz olarak \u015firketimiz finans yetkililerine bildirmeniz gerekmektedir.&nbsp;<\/p>\n\n\n\n<p>4) Teslimat&nbsp;<\/p>\n\n\n\n<p>Sipari\u015f etmi\u015f oldu\u011funuz \u00fcr\u00fcnleri ayn\u0131 g\u00fcn kargoya teslim etmeye gayret ediyoruz. Temini zaman alan \u00fcr\u00fcnler i\u00e7in kargo teslim s\u00fcresi \u00fcr\u00fcn detay\u0131nda belirtildi\u011fi gibi 3 i\u015f g\u00fcn\u00fcd\u00fcr. Gecikmesi muhtemel teslimat durumunda size bilgi verilecektir.&nbsp;<\/p>\n\n\n\n<p>\u00dcr\u00fcn teslimat\u0131n\u0131n aksamadan ger\u00e7ekle\u015ftirilebilmesi i\u00e7in l\u00fctfen g\u00fcn i\u00e7inde bulundu\u011funuz yerin adresini teslimat adresi olarak bildiriniz.&nbsp;<\/p>\n\n\n\n<p>Talepleriniz sipari\u015f sonunda belirlemi\u015f oldu\u011funuz teslimat tipine g\u00f6re haz\u0131rlanmak \u00fczere i\u015fleme al\u0131nacakt\u0131r. \u0130stanbul merkezli \u015firketimizden \u00fcr\u00fcnler PTT kargo firmas\u0131yla g\u00f6nderilecektir. Sipari\u015fleriniz onayland\u0131ktan sonra en ge\u00e7 2 (iki) i\u015f g\u00fcn\u00fc sonunda Kargo firmas\u0131na teslim edilir.&nbsp;<\/p>\n\n\n\n<p>M\u00fc\u015fteri temsilcimize dan\u0131\u015farak de\u011fi\u015fik teslimat \u015fartlar\u0131 konusunda g\u00f6r\u00fc\u015febilirsiniz. Ayr\u0131ca kargo teslimatlar\u0131 \u015fimdilik yaln\u0131za T\u00fcrkiye s\u0131n\u0131rlar\u0131 i\u00e7in ge\u00e7erlidir.<\/p>\n\n\n\n<p>5) \u00d6deme Takibi&nbsp;<\/p>\n\n\n\n<p>S\u00f6z konusu sistem herhangi bir sorun nedeni ile i\u015flemi ger\u00e7ekle\u015ftiremiyorsa \u00f6deme sayfas\u0131 sonucunda ziyaret\u00e7imiz bu durumdan haberdar edilmektedir.&nbsp;<\/p>\n\n\n\n<p>Belirtilen adreste herhangi bir hata durumunda teslimat\u0131 ger\u00e7ekle\u015femeyen sipari\u015f ile ilgili olarak sipari\u015fi veren ile ba\u011flant\u0131 kurulmaktad\u0131r.<\/p>\n\n\n\n<p>Ziyaret\u00e7imiz taraf\u0131ndan belirtilen e-posta adresinin ge\u00e7erlili\u011fi sipari\u015fin aktar\u0131lmas\u0131n\u0131 takiben g\u00f6nderilen otomatik e-posta ile teyit edilmektedir.&nbsp;<\/p>\n\n\n\n<p>Teslimat\u0131n ger\u00e7ekle\u015fmesi konusunda m\u00fc\u015fteri kadar kredi kart\u0131 sistemini kulland\u0131\u011f\u0131m\u0131z bankaya kar\u015f\u0131 da sorumlulu\u011fumuz s\u00f6z konusudur.&nbsp;<\/p>\n\n\n\n<p>&nbsp;L\u00fctfen dikkat ediniz!<\/p>\n\n\n\n<p>Sevkiyat s\u0131ras\u0131nda zarar g\u00f6rd\u00fc\u011f\u00fcn\u00fc d\u00fc\u015f\u00fcnd\u00fc\u011f\u00fcn\u00fcz paketleri, teslim ald\u0131\u011f\u0131n\u0131z firma yetkilisi \u00f6n\u00fcnde a\u00e7\u0131p kontrol ediniz. E\u011fer \u00fcr\u00fcnde herhangi bir zarar oldu\u011funu d\u00fc\u015f\u00fcn\u00fcyorsan\u0131z kargo firmas\u0131na tutanak tutturularak \u00fcr\u00fcn\u00fc teslim almay\u0131n\u0131z.&nbsp;<\/p>\n\n\n\n<p>\u00dcr\u00fcn teslim al\u0131nd\u0131ktan sonra kargo firmas\u0131n\u0131n g\u00f6revini tam olarak yerine getirdi\u011fi kabul edilmektedir.&nbsp;<\/p>\n\n\n\n<p>\u00dcr\u00fcn hasarl\u0131 ise: Haz\u0131rlam\u0131\u015f oldu\u011funuz tutana\u011f\u0131 en k\u0131sa zamanda merch@morriemarr.com&nbsp;mail adresine bildiriniz.&nbsp;<\/p>\n\n\n\n<p>Bu i\u015flemleri ger\u00e7ekle\u015ftirdi\u011finiz takdirde paketinizle ilgili \u00e7al\u0131\u015fmalara ba\u015flayarak, en k\u0131sa zamanda teslimat\u0131n tekrarlanmas\u0131n\u0131 sa\u011flayaca\u011f\u0131z.<\/p>\n\n\n\n<p>Bu e-posta i\u00e7inde \u00fcr\u00fcn\u00fc neden iade etmek istedi\u011finizi k\u0131saca a\u00e7\u0131klarsan\u0131z \u00fcr\u00fcn ile ilgili \u00e7al\u0131\u015fmalar\u0131m\u0131zda bize yard\u0131mc\u0131 olmu\u015f olursunuz.<\/p>\n","protected":false},"excerpt":{"rendered":"<p>EN 1) You can make your payment with any bank credit card on the payment page. 2) You can take advantage of our online single payment or online installment options for any credit card with your credit cards on our site. In your&hellip;<\/p>\n","protected":false},"author":1,"featured_media":0,"parent":0,"menu_order":0,"comment_status":"closed","ping_status":"closed","template":"","meta":[],"_links":{"self":[{"href":"https:\/\/morrierecords.com\/en\/wp-json\/wp\/v2\/pages\/3940"}],"collection":[{"href":"https:\/\/morrierecords.com\/en\/wp-json\/wp\/v2\/pages"}],"about":[{"href":"https:\/\/morrierecords.com\/en\/wp-json\/wp\/v2\/types\/page"}],"author":[{"embeddable":true,"href":"https:\/\/morrierecords.com\/en\/wp-json\/wp\/v2\/users\/1"}],"replies":[{"embeddable":true,"href":"https:\/\/morrierecords.com\/en\/wp-json\/wp\/v2\/comments?post=3940"}],"version-history":[{"count":2,"href":"https:\/\/morrierecords.com\/en\/wp-json\/wp\/v2\/pages\/3940\/revisions"}],"predecessor-version":[{"id":4409,"href":"https:\/\/morrierecords.com\/en\/wp-json\/wp\/v2\/pages\/3940\/revisions\/4409"}],"wp:attachment":[{"href":"https:\/\/morrierecords.com\/en\/wp-json\/wp\/v2\/media?parent=3940"}],"curies":[{"name":"wp","href":"https:\/\/api.w.org\/{rel}","templated":true}]}}