{"id":87,"date":"2019-02-20T14:35:15","date_gmt":"2019-02-20T14:35:15","guid":{"rendered":"http:\/\/morrierecords.com\/?page_id=87"},"modified":"2020-12-14T19:24:10","modified_gmt":"2020-12-14T16:24:10","slug":"artist","status":"publish","type":"page","link":"http:\/\/morrierecords.com\/en\/artist\/","title":{"rendered":"Our Artists"},"content":{"rendered":"\t\t<div data-elementor-type=\"wp-post\" data-elementor-id=\"87\" class=\"elementor elementor-87\">\n\t\t\t\t\t\t\t\t\t<section class=\"elementor-section elementor-top-section elementor-element elementor-element-f4d2512 elementor-section-boxed elementor-section-height-default elementor-section-height-default\" data-id=\"f4d2512\" data-element_type=\"section\">\n\t\t\t\t\t\t<div class=\"elementor-container elementor-column-gap-extended\">\n\t\t\t\t\t<div class=\"elementor-column elementor-col-100 elementor-top-column elementor-element elementor-element-810fe4d sc_inner_width_none sc_content_align_inherit sc_layouts_column_icons_position_left\" data-id=\"810fe4d\" data-element_type=\"column\">\n\t\t\t<div class=\"elementor-widget-wrap elementor-element-populated\">\n\t\t\t\t\t\t\t\t<div class=\"elementor-element elementor-element-2fe2b10 sc_fly_static elementor-widget elementor-widget-spacer\" data-id=\"2fe2b10\" data-element_type=\"widget\" data-widget_type=\"spacer.default\">\n\t\t\t\t<div class=\"elementor-widget-container\">\n\t\t\t\t\t<div class=\"elementor-spacer\">\n\t\t\t<div class=\"elementor-spacer-inner\"><\/div>\n\t\t<\/div>\n\t\t\t\t<\/div>\n\t\t\t\t<\/div>\n\t\t\t\t<div class=\"elementor-element elementor-element-9cc61bf sc_fly_static elementor-widget elementor-widget-trx_sc_team\" data-id=\"9cc61bf\" data-element_type=\"widget\" data-widget_type=\"trx_sc_team.default\">\n\t\t\t\t<div class=\"elementor-widget-container\">\n\t\t\t<div  id=\"trx_sc_team_1371127882\"\t\tclass=\"sc_team sc_team_default\"><div class=\"sc_team_content sc_item_content sc_item_posts_container\"><div data-post-id=\"509\" class=\"sc_team_item no_links post-509 cpt_team type-cpt_team status-publish has-post-thumbnail hentry\">\r\n\t<div class=\"post_featured with_thumb hover_icon sc_team_item_thumb\"><img width=\"1200\" height=\"1036\" src=\"https:\/\/morrierecords.com\/wp-content\/uploads\/2019\/02\/DSC4772-1200x1036.jpg\" class=\"attachment-rareradio-thumb-team size-rareradio-thumb-team wp-post-image\" alt=\"\" loading=\"lazy\" \/>\t\t\t\t\t\t<div class=\"mask\"><\/div>\r\n\t\t\t\t\t\t\t\t\t<div class=\"icons\"><a href=\"http:\/\/morrierecords.com\/en\/team\/softanalog\/\"  aria-hidden=\"true\" class=\"icon-add-plus-button\"><\/a><\/div>\r\n\t\t\t<\/div>\t<div class=\"sc_team_item_info\">\r\n\t\t<div class=\"sc_team_item_header\">\r\n\t\t\t<h2 class=\"sc_team_item_title entry-title\"><a href=\"http:\/\/morrierecords.com\/en\/team\/softanalog\/\">Soft Analog<\/a><\/h2>\r\n\t\t<\/div>\r\n\t\t<div class=\"sc_team_item_content\"><p>Soft Analog is a music band founded in 2019 in Ankara, Turkey. The band, which initially dreamed of making English music with the name &#8220;The Morning Tape,&#8221; gradually became Soft Analog with the addition of new members.<br \/>\nSoft Analog continues its rodeo with \u00d6mer and \u0130dil, who are the founders of the group. \u00d6mer and \u0130dil started their musical life by playing guitar and piano when they were children. The duo, who were high school friends, had stage experience in various activities by being in school groups. The experience they gained at an early age made a great contribution to the foundation of Soft Analog.<br \/>\nThe inspiration of the band comes from the &#8217;80s and \u201890s sound, clothing, and style. Soft Analog is especially influenced by the synthesizers of that time, drum machine, disco-funk bass and drum patterns, the old fashion (vintage) clothes, glasses, and color palette. They try to create a new production by combining these with the modern world. This nostalgic atmosphere in their compositions is immediately felt by those who know and are interested in the period.<\/p>\n<\/div><div class=\"sc_team_item_socials socials_wrap\"><a target=\"_blank\" href=\"http:\/\/www.softanalog.com\" class=\"social_item social_item_style_icons sc_icon_type_icons social_item_type_icons\"><span class=\"social_icon social_icon_globe\"><span class=\"icon-globe\"><\/span><\/span><\/a><a target=\"_blank\" href=\"https:\/\/open.spotify.com\/artist\/0FWmCLXYps2U14dmCsiK82?si=2n-FB4nISQ6BIWUoeRCp4A\" class=\"social_item social_item_style_icons sc_icon_type_icons social_item_type_icons\"><span class=\"social_icon social_icon_spotify\"><span class=\"icon-spotify\"><\/span><\/span><\/a><a target=\"_blank\" href=\"https:\/\/www.instagram.com\/softanalog\/\" class=\"social_item social_item_style_icons sc_icon_type_icons social_item_type_icons\"><span class=\"social_icon social_icon_instagramm\"><span class=\"icon-instagramm\"><\/span><\/span><\/a><\/div><div class=\"sc_team_item_button\"><a href=\"http:\/\/morrierecords.com\/en\/team\/softanalog\/\" class=\"sc_button sc_button_simple\">Read more<\/a><\/div><\/div>\r\n<\/div><div data-post-id=\"510\" class=\"sc_team_item no_links post-510 cpt_team type-cpt_team status-publish has-post-thumbnail hentry\">\r\n\t<div class=\"post_featured with_thumb hover_icon sc_team_item_thumb\"><img width=\"1200\" height=\"1036\" src=\"https:\/\/morrierecords.com\/wp-content\/uploads\/2019\/02\/ork12-1200x1036.jpg\" class=\"attachment-rareradio-thumb-team size-rareradio-thumb-team wp-post-image\" alt=\"\" loading=\"lazy\" \/>\t\t\t\t\t\t<div class=\"mask\"><\/div>\r\n\t\t\t\t\t\t\t\t\t<div class=\"icons\"><a href=\"http:\/\/morrierecords.com\/en\/team\/orkhanmirzesoy\/\"  aria-hidden=\"true\" class=\"icon-add-plus-button\"><\/a><\/div>\r\n\t\t\t<\/div>\t<div class=\"sc_team_item_info\">\r\n\t\t<div class=\"sc_team_item_header\">\r\n\t\t\t<h2 class=\"sc_team_item_title entry-title\"><a href=\"http:\/\/morrierecords.com\/en\/team\/orkhanmirzesoy\/\">Orkhan Mirzesoy<\/a><\/h2>\r\n\t\t<\/div>\r\n\t\t<div class=\"sc_team_item_content\"><p>Baku-based composer Orkhan Mirzesoy is an artist behind the music career, film scorer and a songwriter. His music correlates with stages of his life, aiming to draw the listener to go through internal struggles. The growth of his music style is the result of growing up in an artistic family surrounded by different forms of art. A self-taught musician reflects his northeastern roots on his music. \u201cUsing traditional and non-traditional musical instruments together help the music harmonize spiritually.\u201d says Orkhan. His focus on atmospheric tones and background noises depict his place in the musical realm. \u201cWhen artists experience rapid cycling they create exquisitely painful art motives and that formed perspective opens the gates of a new spectrum.\u201d he adds. His first instrumental release \u201cFirst Kiss\u201d racked up 176.000 streams on Spotify and featured on local radio stations. He is the creator of the project called \u201cBipolarNotes\u201d, telling stories about the hardest times of loving someone with bipolar disorder. \u201cBipolarNotes is an unheard voice of a boy in blue and the journey through his forgotten memories.Creating videos for BipolarNotes is a form of self-expression that aims to be a voice for mental health community.It has an intrinsic value.\u201d Orkhan Mirzesoy has scored many films such as \u201cFreedom (Original Motion Picture Soundtrack)\u201c, \u201cThe Passenger\u201d, \u201cThe Game\u201d and more are upcoming.<\/p>\n<\/div><div class=\"sc_team_item_socials socials_wrap\"><a target=\"_blank\" href=\"http:\/\/orkhanmirzesoy.com\/\" class=\"social_item social_item_style_icons sc_icon_type_icons social_item_type_icons\"><span class=\"social_icon social_icon_globe\"><span class=\"icon-globe\"><\/span><\/span><\/a><a target=\"_blank\" href=\"https:\/\/open.spotify.com\/artist\/3q1Tyc2grTGeCXSULsgaTM?si=T4FzBTGfRqK_P2I6KCGesQ\" class=\"social_item social_item_style_icons sc_icon_type_icons social_item_type_icons\"><span class=\"social_icon social_icon_spotify\"><span class=\"icon-spotify\"><\/span><\/span><\/a><a target=\"_blank\" href=\"https:\/\/www.youtube.com\/channel\/UCXaNTIgn_0VKQkM8fpREC4Q\" class=\"social_item social_item_style_icons sc_icon_type_icons social_item_type_icons\"><span class=\"social_icon social_icon_rr-youtube\"><span class=\"icon-rr-youtube\"><\/span><\/span><\/a><a target=\"_blank\" href=\"https:\/\/www.instagram.com\/orkhanmirzesoy\" class=\"social_item social_item_style_icons sc_icon_type_icons social_item_type_icons\"><span class=\"social_icon social_icon_instagramm\"><span class=\"icon-instagramm\"><\/span><\/span><\/a><a target=\"_blank\" href=\"https:\/\/www.facebook.com\/orkhanmirzesoy\/\" class=\"social_item social_item_style_icons sc_icon_type_icons social_item_type_icons\"><span class=\"social_icon social_icon_facebook\"><span class=\"icon-facebook\"><\/span><\/span><\/a><\/div><div class=\"sc_team_item_button\"><a href=\"http:\/\/morrierecords.com\/en\/team\/orkhanmirzesoy\/\" class=\"sc_button sc_button_simple\">Read more<\/a><\/div><\/div>\r\n<\/div><\/div><\/div><!-- \/.sc_team -->\t\t<\/div>\n\t\t\t\t<\/div>\n\t\t\t\t<div class=\"elementor-element elementor-element-3e1bafd sc_fly_static elementor-widget elementor-widget-spacer\" data-id=\"3e1bafd\" data-element_type=\"widget\" data-widget_type=\"spacer.default\">\n\t\t\t\t<div class=\"elementor-widget-container\">\n\t\t\t\t\t<div class=\"elementor-spacer\">\n\t\t\t<div class=\"elementor-spacer-inner\"><\/div>\n\t\t<\/div>\n\t\t\t\t<\/div>\n\t\t\t\t<\/div>\n\t\t\t\t\t<\/div>\n\t\t<\/div>\n\t\t\t\t\t\t\t<\/div>\n\t\t<\/section>\n\t\t\t\t<section class=\"elementor-section elementor-top-section elementor-element elementor-element-eb4f8de elementor-section-stretched elementor-section-boxed elementor-section-height-default elementor-section-height-default\" data-id=\"eb4f8de\" data-element_type=\"section\" data-settings=\"{&quot;stretch_section&quot;:&quot;section-stretched&quot;,&quot;background_background&quot;:&quot;classic&quot;}\">\n\t\t\t\t\t\t<div class=\"elementor-container elementor-column-gap-extended\">\n\t\t\t\t\t<div class=\"elementor-column elementor-col-100 elementor-top-column elementor-element elementor-element-2b57643 sc_inner_width_none sc_content_align_inherit sc_layouts_column_icons_position_left\" data-id=\"2b57643\" data-element_type=\"column\">\n\t\t\t<div class=\"elementor-widget-wrap elementor-element-populated\">\n\t\t\t\t\t\t\t\t<div class=\"elementor-element elementor-element-1f7b8a9 sc_fly_static elementor-widget elementor-widget-spacer\" data-id=\"1f7b8a9\" data-element_type=\"widget\" data-widget_type=\"spacer.default\">\n\t\t\t\t<div class=\"elementor-widget-container\">\n\t\t\t\t\t<div class=\"elementor-spacer\">\n\t\t\t<div class=\"elementor-spacer-inner\"><\/div>\n\t\t<\/div>\n\t\t\t\t<\/div>\n\t\t\t\t<\/div>\n\t\t\t\t<div class=\"elementor-element elementor-element-1642766 sc_fly_static elementor-widget elementor-widget-spacer\" data-id=\"1642766\" data-element_type=\"widget\" data-widget_type=\"spacer.default\">\n\t\t\t\t<div class=\"elementor-widget-container\">\n\t\t\t\t\t<div class=\"elementor-spacer\">\n\t\t\t<div class=\"elementor-spacer-inner\"><\/div>\n\t\t<\/div>\n\t\t\t\t<\/div>\n\t\t\t\t<\/div>\n\t\t\t\t\t<\/div>\n\t\t<\/div>\n\t\t\t\t\t\t\t<\/div>\n\t\t<\/section>\n\t\t\t\t\t\t\t<\/div>\n\t\t","protected":false},"excerpt":{"rendered":"<p>Sophie Mcphee Nemo enim ipsam voluptatem, quia voluptas sit, aspernatur aut odit aut fugit, sed quia consequuntur magni dolores eos, qui ratione voluptatem sequi nesciunt, neque porro quisquam est. Ut wisi enim ad minim veniam, quis nostrud exerci tation ullamcorper suscipit lobortis nisl&hellip;<\/p>\n","protected":false},"author":1,"featured_media":0,"parent":0,"menu_order":0,"comment_status":"closed","ping_status":"closed","template":"","meta":[],"_links":{"self":[{"href":"http:\/\/morrierecords.com\/en\/wp-json\/wp\/v2\/pages\/87"}],"collection":[{"href":"http:\/\/morrierecords.com\/en\/wp-json\/wp\/v2\/pages"}],"about":[{"href":"http:\/\/morrierecords.com\/en\/wp-json\/wp\/v2\/types\/page"}],"author":[{"embeddable":true,"href":"http:\/\/morrierecords.com\/en\/wp-json\/wp\/v2\/users\/1"}],"replies":[{"embeddable":true,"href":"http:\/\/morrierecords.com\/en\/wp-json\/wp\/v2\/comments?post=87"}],"version-history":[{"count":2,"href":"http:\/\/morrierecords.com\/en\/wp-json\/wp\/v2\/pages\/87\/revisions"}],"predecessor-version":[{"id":3790,"href":"http:\/\/morrierecords.com\/en\/wp-json\/wp\/v2\/pages\/87\/revisions\/3790"}],"wp:attachment":[{"href":"http:\/\/morrierecords.com\/en\/wp-json\/wp\/v2\/media?parent=87"}],"curies":[{"name":"wp","href":"https:\/\/api.w.org\/{rel}","templated":true}]}}